{"id":116,"date":"2026-01-20T15:13:22","date_gmt":"2026-01-20T15:13:22","guid":{"rendered":"http:\/\/eldrevet.dk\/?page_id=116"},"modified":"2026-01-20T15:13:22","modified_gmt":"2026-01-20T15:13:22","slug":"carcontroller","status":"publish","type":"page","link":"https:\/\/eldrevet.dk\/?page_id=116","title":{"rendered":"Carcontroller"},"content":{"rendered":"\n<p>Et af de problemer der meldte sig tidligt ved bilerne, var at brugerne ikke passede godt nok p\u00e5 batterierne, og glemte at lade dem, ogs\u00e5 selvom de m\u00e5ske var k\u00f8rt i bund.<\/p>\n\n\n\n<p>Da batterierne er en stor omkostning ved en elbil blev der udviklet en &#8220;batterioverv\u00e5gning&#8221; der skulle hj\u00e6lp med at passe p\u00e5 batterierene.<\/p>\n\n\n\n<p>CarControlleren er i stand til at begr\u00e6nse bilen ved enten at tvinge den til at k\u00f8rer i &#8220;ECO&#8221; mode eller helt forhindre den i at k\u00f8re for at beskytte batterierne, og den blev ogs\u00e5 brugt til at agere forbrugsm\u00e5ler.<\/p>\n\n\n\n<p>Mig bekendt var alle &#8220;sene&#8221; Eljet 3 udgaver med CarController (men stadig med analog speedometer), dog er flere \u00e6ldre versioner opgraderet med CarController s\u00e5 de kan sagtens findes i f.eks. en Eljet 2.<\/p>\n\n\n\n<p>Fra Eljet 4 og frem (helt frem til dem i skrivende stund nyeste Buddy) bruger man digital instrumentering og CarControlleren er en grundl\u00e6ggende del af bilen.<\/p>\n\n\n\n<figure class=\"wp-block-image size-full is-resized\"><img loading=\"lazy\" decoding=\"async\" width=\"798\" height=\"627\" src=\"http:\/\/eldrevet.dk\/wp-content\/uploads\/2026\/01\/Carcontrollers.jpg\" alt=\"\" class=\"wp-image-118\" style=\"aspect-ratio:1.2727657877685292;width:712px;height:auto\" srcset=\"https:\/\/eldrevet.dk\/wp-content\/uploads\/2026\/01\/Carcontrollers.jpg 798w, https:\/\/eldrevet.dk\/wp-content\/uploads\/2026\/01\/Carcontrollers-300x236.jpg 300w, https:\/\/eldrevet.dk\/wp-content\/uploads\/2026\/01\/Carcontrollers-768x603.jpg 768w\" sizes=\"auto, (max-width: 798px) 100vw, 798px\" \/><\/figure>\n\n\n\n<p>Her forskellige generationer af CarControlleren fra den f\u00f8rste til den sidste der nu sidder i den Norske Buddy<\/p>\n\n\n\n<figure class=\"wp-block-image size-large\"><img loading=\"lazy\" decoding=\"async\" width=\"768\" height=\"1024\" src=\"http:\/\/eldrevet.dk\/wp-content\/uploads\/2026\/01\/IMG_20130613_142456-768x1024.jpg\" alt=\"\" class=\"wp-image-119\" srcset=\"https:\/\/eldrevet.dk\/wp-content\/uploads\/2026\/01\/IMG_20130613_142456-768x1024.jpg 768w, https:\/\/eldrevet.dk\/wp-content\/uploads\/2026\/01\/IMG_20130613_142456-225x300.jpg 225w, https:\/\/eldrevet.dk\/wp-content\/uploads\/2026\/01\/IMG_20130613_142456.jpg 791w\" sizes=\"auto, (max-width: 768px) 100vw, 768px\" \/><\/figure>\n\n\n\n<p>Man finder CarControlleren under instrumentbordet ved f\u00f8rerpositionen, dog kan den sidde i passagersiden p\u00e5 tidlige udgaver.<\/p>\n\n\n\n<figure class=\"wp-block-image size-large\"><img loading=\"lazy\" decoding=\"async\" width=\"1024\" height=\"768\" src=\"http:\/\/eldrevet.dk\/wp-content\/uploads\/2026\/01\/CC1-4-1024x768.jpg\" alt=\"\" class=\"wp-image-120\" srcset=\"https:\/\/eldrevet.dk\/wp-content\/uploads\/2026\/01\/CC1-4-1024x768.jpg 1024w, https:\/\/eldrevet.dk\/wp-content\/uploads\/2026\/01\/CC1-4-300x225.jpg 300w, https:\/\/eldrevet.dk\/wp-content\/uploads\/2026\/01\/CC1-4-768x576.jpg 768w, https:\/\/eldrevet.dk\/wp-content\/uploads\/2026\/01\/CC1-4.jpg 1407w\" sizes=\"auto, (max-width: 1024px) 100vw, 1024px\" \/><\/figure>\n\n\n\n<p>F\u00f8rste udgave (th) var en \u00e5ben udgave man kunne resette ved at skifte EEPROM de nyere kunne resettes ved at flytte en Jumper.<\/p>\n","protected":false},"excerpt":{"rendered":"<p>Et af de problemer der meldte sig tidligt ved bilerne, var at brugerne ikke passede godt nok p\u00e5 batterierne, og glemte at lade dem, ogs\u00e5 selvom de m\u00e5ske var k\u00f8rt i bund. Da batterierne er en stor omkostning ved en elbil blev der udviklet en &#8220;batterioverv\u00e5gning&#8221; der skulle hj\u00e6lp med at passe p\u00e5 batterierene. CarControlleren &#8230; <a title=\"Carcontroller\" class=\"read-more\" href=\"https:\/\/eldrevet.dk\/?page_id=116\" aria-label=\"Read more about Carcontroller\">Read more<\/a><\/p>\n","protected":false},"author":1,"featured_media":0,"parent":0,"menu_order":0,"comment_status":"closed","ping_status":"closed","template":"","meta":{"footnotes":""},"class_list":["post-116","page","type-page","status-publish"],"_links":{"self":[{"href":"https:\/\/eldrevet.dk\/index.php?rest_route=\/wp\/v2\/pages\/116","targetHints":{"allow":["GET"]}}],"collection":[{"href":"https:\/\/eldrevet.dk\/index.php?rest_route=\/wp\/v2\/pages"}],"about":[{"href":"https:\/\/eldrevet.dk\/index.php?rest_route=\/wp\/v2\/types\/page"}],"author":[{"embeddable":true,"href":"https:\/\/eldrevet.dk\/index.php?rest_route=\/wp\/v2\/users\/1"}],"replies":[{"embeddable":true,"href":"https:\/\/eldrevet.dk\/index.php?rest_route=%2Fwp%2Fv2%2Fcomments&post=116"}],"version-history":[{"count":1,"href":"https:\/\/eldrevet.dk\/index.php?rest_route=\/wp\/v2\/pages\/116\/revisions"}],"predecessor-version":[{"id":121,"href":"https:\/\/eldrevet.dk\/index.php?rest_route=\/wp\/v2\/pages\/116\/revisions\/121"}],"wp:attachment":[{"href":"https:\/\/eldrevet.dk\/index.php?rest_route=%2Fwp%2Fv2%2Fmedia&parent=116"}],"curies":[{"name":"wp","href":"https:\/\/api.w.org\/{rel}","templated":true}]}}