{"id":122,"date":"2026-01-20T15:16:52","date_gmt":"2026-01-20T15:16:52","guid":{"rendered":"http:\/\/eldrevet.dk\/?page_id=122"},"modified":"2026-01-20T15:16:52","modified_gmt":"2026-01-20T15:16:52","slug":"lader","status":"publish","type":"page","link":"https:\/\/eldrevet.dk\/?page_id=122","title":{"rendered":"Lader"},"content":{"rendered":"\n<p>Oprindeligt brugte man en ringkernelader ala en truck lader til \u00e5bne batterier (FN ELEKTRO A\/S)<\/p>\n\n\n\n<figure class=\"wp-block-image size-large is-resized\"><img loading=\"lazy\" decoding=\"async\" width=\"768\" height=\"1024\" src=\"http:\/\/eldrevet.dk\/wp-content\/uploads\/2026\/01\/lader-11-768x1024.jpg\" alt=\"\" class=\"wp-image-123\" style=\"aspect-ratio:0.750007629627369;width:467px;height:auto\" srcset=\"https:\/\/eldrevet.dk\/wp-content\/uploads\/2026\/01\/lader-11-768x1024.jpg 768w, https:\/\/eldrevet.dk\/wp-content\/uploads\/2026\/01\/lader-11-225x300.jpg 225w, https:\/\/eldrevet.dk\/wp-content\/uploads\/2026\/01\/lader-11.jpg 791w\" sizes=\"auto, (max-width: 768px) 100vw, 768px\" \/><\/figure>\n\n\n\n<p><\/p>\n\n\n\n<p>Senere kom der en Zivan lader p\u00e5 banen allerede da Kewetterne stadig havde en systemsp\u00e6nding p\u00e5 48volt.<\/p>\n\n\n\n<figure class=\"wp-block-image size-large is-resized\"><img loading=\"lazy\" decoding=\"async\" width=\"768\" height=\"1024\" src=\"http:\/\/eldrevet.dk\/wp-content\/uploads\/2026\/01\/Zivan-3-768x1024.jpg\" alt=\"\" class=\"wp-image-124\" style=\"aspect-ratio:0.750007629627369;width:552px;height:auto\" srcset=\"https:\/\/eldrevet.dk\/wp-content\/uploads\/2026\/01\/Zivan-3-768x1024.jpg 768w, https:\/\/eldrevet.dk\/wp-content\/uploads\/2026\/01\/Zivan-3-225x300.jpg 225w, https:\/\/eldrevet.dk\/wp-content\/uploads\/2026\/01\/Zivan-3.jpg 791w\" sizes=\"auto, (max-width: 768px) 100vw, 768px\" \/><\/figure>\n\n\n\n<p><\/p>\n\n\n\n<p>Og Zivan laderen fortsatte med at v\u00e6re den brugte da sp\u00e6ndingen blev h\u00e6vet til hhv. 60 og 72 volt, og det er ogs\u00e5 den som de moderne Buddy&#8217;s anvender (Zivan NG3)<\/p>\n\n\n\n<figure class=\"wp-block-image size-large is-resized\"><img loading=\"lazy\" decoding=\"async\" width=\"768\" height=\"1024\" src=\"http:\/\/eldrevet.dk\/wp-content\/uploads\/2026\/01\/NG3-768x1024.jpg\" alt=\"\" class=\"wp-image-125\" style=\"aspect-ratio:0.750007629627369;width:577px;height:auto\" srcset=\"https:\/\/eldrevet.dk\/wp-content\/uploads\/2026\/01\/NG3-768x1024.jpg 768w, https:\/\/eldrevet.dk\/wp-content\/uploads\/2026\/01\/NG3-225x300.jpg 225w, https:\/\/eldrevet.dk\/wp-content\/uploads\/2026\/01\/NG3.jpg 791w\" sizes=\"auto, (max-width: 768px) 100vw, 768px\" \/><\/figure>\n\n\n\n<p><\/p>\n","protected":false},"excerpt":{"rendered":"<p>Oprindeligt brugte man en ringkernelader ala en truck lader til \u00e5bne batterier (FN ELEKTRO A\/S) Senere kom der en Zivan lader p\u00e5 banen allerede da Kewetterne stadig havde en systemsp\u00e6nding p\u00e5 48volt. Og Zivan laderen fortsatte med at v\u00e6re den brugte da sp\u00e6ndingen blev h\u00e6vet til hhv. 60 og 72 volt, og det er ogs\u00e5 &#8230; <a title=\"Lader\" class=\"read-more\" href=\"https:\/\/eldrevet.dk\/?page_id=122\" aria-label=\"Read more about Lader\">Read more<\/a><\/p>\n","protected":false},"author":1,"featured_media":0,"parent":0,"menu_order":0,"comment_status":"closed","ping_status":"closed","template":"","meta":{"footnotes":""},"class_list":["post-122","page","type-page","status-publish"],"_links":{"self":[{"href":"https:\/\/eldrevet.dk\/index.php?rest_route=\/wp\/v2\/pages\/122","targetHints":{"allow":["GET"]}}],"collection":[{"href":"https:\/\/eldrevet.dk\/index.php?rest_route=\/wp\/v2\/pages"}],"about":[{"href":"https:\/\/eldrevet.dk\/index.php?rest_route=\/wp\/v2\/types\/page"}],"author":[{"embeddable":true,"href":"https:\/\/eldrevet.dk\/index.php?rest_route=\/wp\/v2\/users\/1"}],"replies":[{"embeddable":true,"href":"https:\/\/eldrevet.dk\/index.php?rest_route=%2Fwp%2Fv2%2Fcomments&post=122"}],"version-history":[{"count":1,"href":"https:\/\/eldrevet.dk\/index.php?rest_route=\/wp\/v2\/pages\/122\/revisions"}],"predecessor-version":[{"id":126,"href":"https:\/\/eldrevet.dk\/index.php?rest_route=\/wp\/v2\/pages\/122\/revisions\/126"}],"wp:attachment":[{"href":"https:\/\/eldrevet.dk\/index.php?rest_route=%2Fwp%2Fv2%2Fmedia&parent=122"}],"curies":[{"name":"wp","href":"https:\/\/api.w.org\/{rel}","templated":true}]}}