{"id":15,"date":"2026-01-12T12:14:51","date_gmt":"2026-01-12T12:14:51","guid":{"rendered":"http:\/\/eldrevet.dk\/?page_id=15"},"modified":"2026-01-12T13:52:47","modified_gmt":"2026-01-12T13:52:47","slug":"velkommen-til-eldrevet-dk","status":"publish","type":"page","link":"https:\/\/eldrevet.dk\/","title":{"rendered":"Velkommen til eldrevet.dk"},"content":{"rendered":"\n<p>Drevet af EL<\/p>\n\n\n\n<p>Du har sikket fundet vej til disse sider\u00a0 fordi du lige som jeg har en interesse i elk\u00f8ret\u00f8jer, men m\u00e5ske ikke helt \u201calmindelige\u201d elk\u00f8ret\u00f8jer, men mere\u00a0de sj\u00e6ldne, eller historieske elbiler hovedsageligt set med danske \u00f8jne.<\/p>\n\n\n\n<p>F\u00f8lgende k\u00f8ret\u00f8jer kan du finde informationer om p\u00e5 disse sider:<\/p>\n\n\n\n<ul class=\"wp-block-list\">\n<li>Kewet bilen (Eljet, Citijet, Buddy, Citivan)<\/li>\n\n\n\n<li>Ellert (MiniEl og MiniEl-City)<\/li>\n\n\n\n<li>Hope Elbilen (MiniEl, Hope Whisper og Whisper II)<\/li>\n\n\n\n<li>Mayco den danske elknallert<\/li>\n\n\n\n<li>Merrild M-Car<\/li>\n\n\n\n<li>Citr\u00f6en AX \u00e9lectrique<\/li>\n\n\n\n<li>Citr\u00f6en Saxo \u00e9lectrique<\/li>\n\n\n\n<li>Volkswagen Golf Citystromer<\/li>\n<\/ul>\n\n\n\n<p>De fleste er jo danske, men enkelte er sluppet ind i samlingen selvom de kommer udenfor de danske gr\u00e6nser, og s\u00e5 er der lige blevet plads til lidt andet el-sjov som min elektriske snekke \u201cMaria\u201d en eldrevet 24 fod motorsejler som oprindeligt var dieseldrevet, men nu sejler hun \u201cmed str\u00f8mmen\u201d eller \u201cBobEL\u201d en konverteret VW bobbel stadig luftk\u00f8let, en nu med en elektrisk motor.<\/p>\n\n\n\n<p>God forn\u00f8jelse.<\/p>\n","protected":false},"excerpt":{"rendered":"<p>Drevet af EL Du har sikket fundet vej til disse sider\u00a0 fordi du lige som jeg har en interesse i elk\u00f8ret\u00f8jer, men m\u00e5ske ikke helt \u201calmindelige\u201d elk\u00f8ret\u00f8jer, men mere\u00a0de sj\u00e6ldne, eller historieske elbiler hovedsageligt set med danske \u00f8jne. F\u00f8lgende k\u00f8ret\u00f8jer kan du finde informationer om p\u00e5 disse sider: De fleste er jo danske, men enkelte &#8230; <a title=\"Velkommen til eldrevet.dk\" class=\"read-more\" href=\"https:\/\/eldrevet.dk\/\" aria-label=\"Read more about Velkommen til eldrevet.dk\">Read more<\/a><\/p>\n","protected":false},"author":1,"featured_media":0,"parent":0,"menu_order":0,"comment_status":"closed","ping_status":"closed","template":"","meta":{"footnotes":""},"class_list":["post-15","page","type-page","status-publish"],"_links":{"self":[{"href":"https:\/\/eldrevet.dk\/index.php?rest_route=\/wp\/v2\/pages\/15","targetHints":{"allow":["GET"]}}],"collection":[{"href":"https:\/\/eldrevet.dk\/index.php?rest_route=\/wp\/v2\/pages"}],"about":[{"href":"https:\/\/eldrevet.dk\/index.php?rest_route=\/wp\/v2\/types\/page"}],"author":[{"embeddable":true,"href":"https:\/\/eldrevet.dk\/index.php?rest_route=\/wp\/v2\/users\/1"}],"replies":[{"embeddable":true,"href":"https:\/\/eldrevet.dk\/index.php?rest_route=%2Fwp%2Fv2%2Fcomments&post=15"}],"version-history":[{"count":2,"href":"https:\/\/eldrevet.dk\/index.php?rest_route=\/wp\/v2\/pages\/15\/revisions"}],"predecessor-version":[{"id":19,"href":"https:\/\/eldrevet.dk\/index.php?rest_route=\/wp\/v2\/pages\/15\/revisions\/19"}],"wp:attachment":[{"href":"https:\/\/eldrevet.dk\/index.php?rest_route=%2Fwp%2Fv2%2Fmedia&parent=15"}],"curies":[{"name":"wp","href":"https:\/\/api.w.org\/{rel}","templated":true}]}}