{"id":171,"date":"2026-01-29T14:53:17","date_gmt":"2026-01-29T14:53:17","guid":{"rendered":"https:\/\/eldrevet.dk\/?page_id=171"},"modified":"2026-01-29T14:56:40","modified_gmt":"2026-01-29T14:56:40","slug":"tekniske-data","status":"publish","type":"page","link":"https:\/\/eldrevet.dk\/?page_id=171","title":{"rendered":"Tekniske data"},"content":{"rendered":"\n<figure class=\"wp-block-image size-full\"><img loading=\"lazy\" decoding=\"async\" width=\"800\" height=\"563\" src=\"https:\/\/eldrevet.dk\/wp-content\/uploads\/2026\/01\/test.gif\" alt=\"\" class=\"wp-image-174\"\/><\/figure>\n\n\n\n<p><\/p>\n\n\n\n<p>Tekniske data:<\/p>\n\n\n\n<p>L\u00e6nge: 3327 mm<\/p>\n\n\n\n<p>Bredte: 1423 mm<\/p>\n\n\n\n<p>H\u00f8jde: 1575 mm<\/p>\n\n\n\n<p>Aksel afstand: 2050 mm<\/p>\n\n\n\n<p>Egenv\u00e6gt: 890kg (inkl. batterier)<\/p>\n\n\n\n<p>Totalv\u00e6gt: 1300kg<\/p>\n\n\n\n<p>Max hastighed 75km\/t<\/p>\n\n\n\n<p>0-50km\/t: 10sek<\/p>\n\n\n\n<p>Teknisk r\u00e6kkevidde: 80km<\/p>\n\n\n\n<p>Fuld ladetid: ca. 8 timer<\/p>\n\n\n\n<p>Sp\u00e6nding: 72volt<\/p>\n\n\n\n<p>Motor: DC Thrige Titan 12kW<\/p>\n\n\n\n<p>Motor controller: Curtis<\/p>\n\n\n\n<p>Lader Zivan NG3<\/p>\n\n\n\n<figure class=\"wp-block-image size-full\"><img loading=\"lazy\" decoding=\"async\" width=\"495\" height=\"618\" src=\"http:\/\/eldrevet.dk\/wp-content\/uploads\/2026\/01\/Screenshot-2026-01-29-154602.jpg\" alt=\"\" class=\"wp-image-167\" srcset=\"https:\/\/eldrevet.dk\/wp-content\/uploads\/2026\/01\/Screenshot-2026-01-29-154602.jpg 495w, https:\/\/eldrevet.dk\/wp-content\/uploads\/2026\/01\/Screenshot-2026-01-29-154602-240x300.jpg 240w\" sizes=\"auto, (max-width: 495px) 100vw, 495px\" \/><\/figure>\n\n\n\n<p>Varerummet er tilpasset en Euro-palle<\/p>\n\n\n\n<p>Den passer perfekt imellem hjulkasserne.<\/p>\n\n\n\n<p>Man kan s\u00e5 undre sig over hvordan en evt. truck skulle kunne s\u00e6tte pallen ind i bilen, det vil enten kr\u00e6ve lange sv\u00e6rd eller en meget lav truck.<\/p>\n\n\n\n<p>Men et meget regul\u00e6rt og absolut brugbart varerum, der virkeligt giver van&#8217;en ekstra muligheder.<\/p>\n\n\n\n<p>Det 90cm h\u00f8je lastrum er 124cm langt og 118cm bredt<\/p>\n\n\n\n<p>Typegodkendelsen tillader ogs\u00e5 tr\u00e6k-krog p\u00e5 lige fod med den almindelige Kewet, og det vil sige at den m\u00e5 tr\u00e6kke 300kg<\/p>\n\n\n\n<p><\/p>\n","protected":false},"excerpt":{"rendered":"<p>Tekniske data: L\u00e6nge: 3327 mm Bredte: 1423 mm H\u00f8jde: 1575 mm Aksel afstand: 2050 mm Egenv\u00e6gt: 890kg (inkl. batterier) Totalv\u00e6gt: 1300kg Max hastighed 75km\/t 0-50km\/t: 10sek Teknisk r\u00e6kkevidde: 80km Fuld ladetid: ca. 8 timer Sp\u00e6nding: 72volt Motor: DC Thrige Titan 12kW Motor controller: Curtis Lader Zivan NG3 Varerummet er tilpasset en Euro-palle Den passer perfekt &#8230; <a title=\"Tekniske data\" class=\"read-more\" href=\"https:\/\/eldrevet.dk\/?page_id=171\" aria-label=\"Read more about Tekniske data\">Read more<\/a><\/p>\n","protected":false},"author":1,"featured_media":0,"parent":0,"menu_order":0,"comment_status":"closed","ping_status":"closed","template":"","meta":{"footnotes":""},"class_list":["post-171","page","type-page","status-publish"],"_links":{"self":[{"href":"https:\/\/eldrevet.dk\/index.php?rest_route=\/wp\/v2\/pages\/171","targetHints":{"allow":["GET"]}}],"collection":[{"href":"https:\/\/eldrevet.dk\/index.php?rest_route=\/wp\/v2\/pages"}],"about":[{"href":"https:\/\/eldrevet.dk\/index.php?rest_route=\/wp\/v2\/types\/page"}],"author":[{"embeddable":true,"href":"https:\/\/eldrevet.dk\/index.php?rest_route=\/wp\/v2\/users\/1"}],"replies":[{"embeddable":true,"href":"https:\/\/eldrevet.dk\/index.php?rest_route=%2Fwp%2Fv2%2Fcomments&post=171"}],"version-history":[{"count":3,"href":"https:\/\/eldrevet.dk\/index.php?rest_route=\/wp\/v2\/pages\/171\/revisions"}],"predecessor-version":[{"id":176,"href":"https:\/\/eldrevet.dk\/index.php?rest_route=\/wp\/v2\/pages\/171\/revisions\/176"}],"wp:attachment":[{"href":"https:\/\/eldrevet.dk\/index.php?rest_route=%2Fwp%2Fv2%2Fmedia&parent=171"}],"curies":[{"name":"wp","href":"https:\/\/api.w.org\/{rel}","templated":true}]}}