{"id":20,"date":"2026-01-22T14:07:02","date_gmt":"2026-01-22T14:07:02","guid":{"rendered":"http:\/\/eldrevet.dk\/?page_id=20"},"modified":"2026-01-22T14:10:15","modified_gmt":"2026-01-22T14:10:15","slug":"kewet","status":"publish","type":"page","link":"https:\/\/eldrevet.dk\/?page_id=20","title":{"rendered":"Kewet"},"content":{"rendered":"\n<p>Knud Erik Westergaard ville lave en lille bybil som kunne bruges af enten to voksne eller en voksen og to b\u00f8rn.<\/p>\n\n\n\n<figure class=\"wp-block-image size-large\"><img loading=\"lazy\" decoding=\"async\" width=\"1024\" height=\"768\" src=\"http:\/\/eldrevet.dk\/wp-content\/uploads\/2026\/01\/Eljet3-1024x768.jpg\" alt=\"\" class=\"wp-image-132\" srcset=\"https:\/\/eldrevet.dk\/wp-content\/uploads\/2026\/01\/Eljet3-1024x768.jpg 1024w, https:\/\/eldrevet.dk\/wp-content\/uploads\/2026\/01\/Eljet3-300x225.jpg 300w, https:\/\/eldrevet.dk\/wp-content\/uploads\/2026\/01\/Eljet3-768x576.jpg 768w, https:\/\/eldrevet.dk\/wp-content\/uploads\/2026\/01\/Eljet3.jpg 1407w\" sizes=\"auto, (max-width: 1024px) 100vw, 1024px\" \/><\/figure>\n\n\n\n<p>Den skulle laves i b\u00e5de en benzin udgave (Cityjet) og en EL udgave (Eljet).<\/p>\n\n\n\n<p>Benzin udgaven blev for dyr pga, afgiften og EL udgaven skulle igennem 5 udgaver f\u00f8r den var tilfredsstillende.<\/p>\n\n\n\n<p>P\u00e5 et tidspunkt var der b\u00e5de produktion i Danmark (Hadsund) men ogs\u00e5 i Tyskland (Nordhausen).<\/p>\n\n\n\n<p>Da produktionen sluttede fra dansk side fortsatte den i Norge, hvor den senere udviklede sig til &#8220;Kewet Buddy&#8221; og senere bare &#8220;Buddy&#8221;<\/p>\n\n\n\n<p><\/p>\n\n\n\n<figure class=\"wp-block-embed is-type-video is-provider-youtube wp-block-embed-youtube wp-embed-aspect-4-3 wp-has-aspect-ratio\"><div class=\"wp-block-embed__wrapper\">\n<iframe loading=\"lazy\" title=\"Kewet Eljet3\" width=\"1200\" height=\"900\" src=\"https:\/\/www.youtube.com\/embed\/_ZOZeSqDkec?feature=oembed\" frameborder=\"0\" allow=\"accelerometer; autoplay; clipboard-write; encrypted-media; gyroscope; picture-in-picture; web-share\" referrerpolicy=\"strict-origin-when-cross-origin\" allowfullscreen><\/iframe>\n<\/div><\/figure>\n\n\n\n<figure class=\"wp-block-embed is-type-video is-provider-youtube wp-block-embed-youtube wp-embed-aspect-4-3 wp-has-aspect-ratio\"><div class=\"wp-block-embed__wrapper\">\n<iframe loading=\"lazy\" title=\"Kewet Citi-jet 5\" width=\"1200\" height=\"900\" src=\"https:\/\/www.youtube.com\/embed\/mMSqn05kxr4?feature=oembed\" frameborder=\"0\" allow=\"accelerometer; autoplay; clipboard-write; encrypted-media; gyroscope; picture-in-picture; web-share\" referrerpolicy=\"strict-origin-when-cross-origin\" allowfullscreen><\/iframe>\n<\/div><\/figure>\n\n\n\n<figure class=\"wp-block-embed is-type-video is-provider-youtube wp-block-embed-youtube wp-embed-aspect-4-3 wp-has-aspect-ratio\"><div class=\"wp-block-embed__wrapper\">\n<iframe loading=\"lazy\" title=\"Kewet ELjet4 Lithium\" width=\"1200\" height=\"900\" src=\"https:\/\/www.youtube.com\/embed\/8pbrsMmgIFs?feature=oembed\" frameborder=\"0\" allow=\"accelerometer; autoplay; clipboard-write; encrypted-media; gyroscope; picture-in-picture; web-share\" referrerpolicy=\"strict-origin-when-cross-origin\" allowfullscreen><\/iframe>\n<\/div><\/figure>\n","protected":false},"excerpt":{"rendered":"<p>Knud Erik Westergaard ville lave en lille bybil som kunne bruges af enten to voksne eller en voksen og to b\u00f8rn. Den skulle laves i b\u00e5de en benzin udgave (Cityjet) og en EL udgave (Eljet). Benzin udgaven blev for dyr pga, afgiften og EL udgaven skulle igennem 5 udgaver f\u00f8r den var tilfredsstillende. P\u00e5 et &#8230; <a title=\"Kewet\" class=\"read-more\" href=\"https:\/\/eldrevet.dk\/?page_id=20\" aria-label=\"Read more about Kewet\">Read more<\/a><\/p>\n","protected":false},"author":1,"featured_media":0,"parent":0,"menu_order":0,"comment_status":"closed","ping_status":"closed","template":"","meta":{"footnotes":""},"class_list":["post-20","page","type-page","status-publish"],"_links":{"self":[{"href":"https:\/\/eldrevet.dk\/index.php?rest_route=\/wp\/v2\/pages\/20","targetHints":{"allow":["GET"]}}],"collection":[{"href":"https:\/\/eldrevet.dk\/index.php?rest_route=\/wp\/v2\/pages"}],"about":[{"href":"https:\/\/eldrevet.dk\/index.php?rest_route=\/wp\/v2\/types\/page"}],"author":[{"embeddable":true,"href":"https:\/\/eldrevet.dk\/index.php?rest_route=\/wp\/v2\/users\/1"}],"replies":[{"embeddable":true,"href":"https:\/\/eldrevet.dk\/index.php?rest_route=%2Fwp%2Fv2%2Fcomments&post=20"}],"version-history":[{"count":2,"href":"https:\/\/eldrevet.dk\/index.php?rest_route=\/wp\/v2\/pages\/20\/revisions"}],"predecessor-version":[{"id":140,"href":"https:\/\/eldrevet.dk\/index.php?rest_route=\/wp\/v2\/pages\/20\/revisions\/140"}],"wp:attachment":[{"href":"https:\/\/eldrevet.dk\/index.php?rest_route=%2Fwp%2Fv2%2Fmedia&parent=20"}],"curies":[{"name":"wp","href":"https:\/\/api.w.org\/{rel}","templated":true}]}}