{"id":21,"date":"2026-01-12T13:56:28","date_gmt":"2026-01-12T13:56:28","guid":{"rendered":"http:\/\/eldrevet.dk\/?page_id=21"},"modified":"2026-01-22T14:12:30","modified_gmt":"2026-01-22T14:12:30","slug":"whisper-elbilen","status":"publish","type":"page","link":"https:\/\/eldrevet.dk\/?page_id=21","title":{"rendered":"Whisper elbilen"},"content":{"rendered":"\n<p>Thure Bars\u00f8e Carnfeldt var manden bag bilen, der igennem 80\u2019erne var \u201ch\u00e5bet\u201d p\u00e5 en dansk serieproduceret EL-bil, og dermed ogs\u00e5 gav en del overskrifter, men nok flest den dag bilen skulle fremvises for verdenspressen i forum 14.okt 1983, da den for rullende kamera og 1200 inviterede g\u00e6ster, startede med at trille en tur i banden.<\/p>\n\n\n\n<p>Mange tror fejlagtigt at turen i banden var der historien sluttede, men faktisk var det blot starten p\u00e5 en videreudvikling af bilen, som endte med en produktionsmodnet model der var godkendt til at komme p\u00e5 gaden.<\/p>\n\n\n\n<figure class=\"wp-block-image size-large\"><img loading=\"lazy\" decoding=\"async\" width=\"1024\" height=\"768\" src=\"http:\/\/eldrevet.dk\/wp-content\/uploads\/2026\/01\/IMG_20221011_135437-1024x768.jpg\" alt=\"\" class=\"wp-image-22\" srcset=\"https:\/\/eldrevet.dk\/wp-content\/uploads\/2026\/01\/IMG_20221011_135437-1024x768.jpg 1024w, https:\/\/eldrevet.dk\/wp-content\/uploads\/2026\/01\/IMG_20221011_135437-300x225.jpg 300w, https:\/\/eldrevet.dk\/wp-content\/uploads\/2026\/01\/IMG_20221011_135437-768x576.jpg 768w, https:\/\/eldrevet.dk\/wp-content\/uploads\/2026\/01\/IMG_20221011_135437.jpg 1528w\" sizes=\"auto, (max-width: 1024px) 100vw, 1024px\" \/><\/figure>\n\n\n\n<p>Billedet af mine Whisper&#8217;s Den bl\u00e5 som den sidste del af Whisper historien og en gr\u00e5 prototype 28, som er den Whisper der har k\u00f8rt flest km da den blev brugt til bl.a. r\u00e6kkevidde test.<\/p>\n\n\n\n<p><\/p>\n\n\n\n<p>Hope Miniel<br><\/p>\n\n\n\n<figure class=\"wp-block-image size-full is-resized\"><img loading=\"lazy\" decoding=\"async\" width=\"712\" height=\"610\" src=\"http:\/\/eldrevet.dk\/wp-content\/uploads\/2026\/01\/whisper_0-2.jpg\" alt=\"\" class=\"wp-image-40\" style=\"aspect-ratio:1.1672472975049952;width:452px;height:auto\" srcset=\"https:\/\/eldrevet.dk\/wp-content\/uploads\/2026\/01\/whisper_0-2.jpg 712w, https:\/\/eldrevet.dk\/wp-content\/uploads\/2026\/01\/whisper_0-2-300x257.jpg 300w\" sizes=\"auto, (max-width: 712px) 100vw, 712px\" \/><\/figure>\n\n\n\n<p>Elbil eventyret havde forskellige fors\u00f8g som f.eks. \u201dHope Miniel\u201d en lille topersoners bil som man den dag i dag m\u00e5ske godt kunne sammenligne lidt med Kewet\u2019en<\/p>\n\n\n\n<p>Den lille Miniel var baseret p\u00e5 en fransk &#8220;Knallert-bil&#8221;, men blev dog kasseret da Thure \u00f8nskede at satse p\u00e5 en firepersoners bil i stedet.<\/p>\n\n\n\n<p>Thure opn\u00e5ede i sin tid i folketinget i starten af 80\u2019erne at s\u00f8rge for at elbiler blev fritaget for afgift, noget vi kunne nyde gl\u00e6de af frem til 2016 hvor der kom ejerafgift p\u00e5 elbiler igen, desv\u00e6rre for Whisperen og stort set alle andre danskproducerede elk\u00f8ret\u00f8jer var de p\u00e5 den gamle v\u00e6gtafgift hvor moderne elbiler kom p\u00e5 en lukrativ lav &#8220;gr\u00f8n ejerafgift&#8221;, det betyder at Whisperen som nu er veteran og dermed p\u00e5 kvart ejerafgift stadig koster mere at eje end en moderne elbil.<\/p>\n\n\n\n<p>Det er i 1983 at ikke bare Danmark men hele verden stifter bekendskab med Thures projekt, nemlig \u201dHope Whisper\u201d. Der var blevet arbejdet p\u00e5 bilen lige op til fremvisningen i Forum men en r\u00e6kke uheldige omst\u00e6ndigheder gjorde at den bil der stod i Forum ikke var f\u00e6rdig og dermed \u201dsminket\u201d til lejligheden, samt at Claus der skulle f\u00f8re den, ikke havde f\u00e5et megen s\u00f8vn. Claus sad i bilen der var d\u00e6kket af et sort kl\u00e6de, og da dette blevet l\u00f8ftet af bilen, blev han m\u00f8dt af utallige blitz fra journalisternes kamera og bilen havnede i banden foran hele verdenspressen.<\/p>\n\n\n\n<figure class=\"wp-block-image size-full\"><img loading=\"lazy\" decoding=\"async\" width=\"475\" height=\"364\" src=\"http:\/\/eldrevet.dk\/wp-content\/uploads\/2026\/01\/no_hope-1.jpg\" alt=\"\" class=\"wp-image-39\" srcset=\"https:\/\/eldrevet.dk\/wp-content\/uploads\/2026\/01\/no_hope-1.jpg 475w, https:\/\/eldrevet.dk\/wp-content\/uploads\/2026\/01\/no_hope-1-300x230.jpg 300w\" sizes=\"auto, (max-width: 475px) 100vw, 475px\" \/><\/figure>\n\n\n\n<p>Billede fra &#8220;braget&#8221; i Forum<\/p>\n\n\n\n<p><\/p>\n\n\n\n<p>Pressen d\u00f8bte bilen \u201dNo hope\u201d og selvom der blev lavet en ny og forbedret version, umuliggjorde den danske jantelovsjournalistik, at en produktion kunne komme i gang.<\/p>\n\n\n\n<p><\/p>\n\n\n\n<figure class=\"wp-block-image size-full\"><img loading=\"lazy\" decoding=\"async\" width=\"335\" height=\"466\" src=\"http:\/\/eldrevet.dk\/wp-content\/uploads\/2026\/01\/Whisper_Perspektiver.jpg\" alt=\"\" class=\"wp-image-41\" srcset=\"https:\/\/eldrevet.dk\/wp-content\/uploads\/2026\/01\/Whisper_Perspektiver.jpg 335w, https:\/\/eldrevet.dk\/wp-content\/uploads\/2026\/01\/Whisper_Perspektiver-216x300.jpg 216w\" sizes=\"auto, (max-width: 335px) 100vw, 335px\" \/><\/figure>\n\n\n\n<p>Den f\u00e6rdige Whisper<\/p>\n\n\n\n<p>Heldigvis var der andre udenfor de danske gr\u00e6nser der havde fulgt med p\u00e5 sidelinjen og der blev k\u00f8rt i stilling til at lave en Whisper II dog med krav om ny crashtest af bilen. Om dette var relateret til Whisper I\u2019s m\u00f8de med banden i Forum tror jeg nu ikke, men man kan ikke anden end at tr\u00e6kke lidt p\u00e5 smileb\u00e5ndet, n\u00e5r Whisper I \u201dcrasher\u201d til sin fremvisning og Whisper II bliver den f\u00f8rste elbil i verden der blev crashtestet.<\/p>\n\n\n\n<p><\/p>\n\n\n\n<p>Whisper II bliver til i samarbejde med Berlins tekniske universitet, hvilket nok ogs\u00e5 er grunden til at mange af sliddelene kommer fra VW.<br>Whisper II bliver godkendt og synet efter der nu var brugt omkring 30 millioner kroner p\u00e5 udvikling, test og godkendelser. Men da slutter eventyret desv\u00e6rre, da der kun kan samles 90 millioner kroner sammen ud af de 150 millioner der skulle til for at f\u00e5 sat produktionen i gang.<\/p>\n\n\n\n<p><\/p>\n\n\n\n<figure class=\"wp-block-image size-full is-resized\"><img loading=\"lazy\" decoding=\"async\" width=\"738\" height=\"556\" src=\"http:\/\/eldrevet.dk\/wp-content\/uploads\/2026\/01\/LA301_1.png\" alt=\"\" class=\"wp-image-42\" style=\"aspect-ratio:1.3273846326794447;width:429px;height:auto\" srcset=\"https:\/\/eldrevet.dk\/wp-content\/uploads\/2026\/01\/LA301_1.png 738w, https:\/\/eldrevet.dk\/wp-content\/uploads\/2026\/01\/LA301_1-300x226.png 300w\" sizes=\"auto, (max-width: 738px) 100vw, 738px\" \/><\/figure>\n\n\n\n<p>CleanAir LA301 baseret p\u00e5 Whisperen<\/p>\n\n\n\n<p>Selvom eventyret var slut herhjemme lever det dog stadig videre i et Svensk\/Britisk projekt under navnet LA 301, der skal fjerne forureningen i Los Angeles i starten af halvfemserne.<br>Stadig i en glasfiberkonstruktion med plads til fire personer, men visuelt med f\u00e5 kendetegn fra Whisperen.<br><br>Bilen er faktisk ogs\u00e5 testet i Top Gear af selveste Jemery tilbage i 1991, meget underholdende at se den dag idag.<\/p>\n\n\n\n<figure class=\"wp-block-embed is-type-video is-provider-youtube wp-block-embed-youtube wp-embed-aspect-4-3 wp-has-aspect-ratio\"><div class=\"wp-block-embed__wrapper\">\n<iframe loading=\"lazy\" title=\"Hope Whisper II\" width=\"1200\" height=\"900\" src=\"https:\/\/www.youtube.com\/embed\/qXuMmmAwaTQ?feature=oembed\" frameborder=\"0\" allow=\"accelerometer; autoplay; clipboard-write; encrypted-media; gyroscope; picture-in-picture; web-share\" referrerpolicy=\"strict-origin-when-cross-origin\" allowfullscreen><\/iframe>\n<\/div><\/figure>\n\n\n\n<figure class=\"wp-block-embed is-type-video is-provider-youtube wp-block-embed-youtube wp-embed-aspect-16-9 wp-has-aspect-ratio\"><div class=\"wp-block-embed__wrapper\">\n<iframe loading=\"lazy\" title=\"Hope Whisper 28\" width=\"1200\" height=\"675\" src=\"https:\/\/www.youtube.com\/embed\/TjPpYyo6Dfs?feature=oembed\" frameborder=\"0\" allow=\"accelerometer; autoplay; clipboard-write; encrypted-media; gyroscope; picture-in-picture; web-share\" referrerpolicy=\"strict-origin-when-cross-origin\" allowfullscreen><\/iframe>\n<\/div><\/figure>\n","protected":false},"excerpt":{"rendered":"<p>Thure Bars\u00f8e Carnfeldt var manden bag bilen, der igennem 80\u2019erne var \u201ch\u00e5bet\u201d p\u00e5 en dansk serieproduceret EL-bil, og dermed ogs\u00e5 gav en del overskrifter, men nok flest den dag bilen skulle fremvises for verdenspressen i forum 14.okt 1983, da den for rullende kamera og 1200 inviterede g\u00e6ster, startede med at trille en tur i banden. &#8230; <a title=\"Whisper elbilen\" class=\"read-more\" href=\"https:\/\/eldrevet.dk\/?page_id=21\" aria-label=\"Read more about Whisper elbilen\">Read more<\/a><\/p>\n","protected":false},"author":1,"featured_media":0,"parent":0,"menu_order":0,"comment_status":"closed","ping_status":"closed","template":"","meta":{"footnotes":""},"class_list":["post-21","page","type-page","status-publish"],"_links":{"self":[{"href":"https:\/\/eldrevet.dk\/index.php?rest_route=\/wp\/v2\/pages\/21","targetHints":{"allow":["GET"]}}],"collection":[{"href":"https:\/\/eldrevet.dk\/index.php?rest_route=\/wp\/v2\/pages"}],"about":[{"href":"https:\/\/eldrevet.dk\/index.php?rest_route=\/wp\/v2\/types\/page"}],"author":[{"embeddable":true,"href":"https:\/\/eldrevet.dk\/index.php?rest_route=\/wp\/v2\/users\/1"}],"replies":[{"embeddable":true,"href":"https:\/\/eldrevet.dk\/index.php?rest_route=%2Fwp%2Fv2%2Fcomments&post=21"}],"version-history":[{"count":5,"href":"https:\/\/eldrevet.dk\/index.php?rest_route=\/wp\/v2\/pages\/21\/revisions"}],"predecessor-version":[{"id":143,"href":"https:\/\/eldrevet.dk\/index.php?rest_route=\/wp\/v2\/pages\/21\/revisions\/143"}],"wp:attachment":[{"href":"https:\/\/eldrevet.dk\/index.php?rest_route=%2Fwp%2Fv2%2Fmedia&parent=21"}],"curies":[{"name":"wp","href":"https:\/\/api.w.org\/{rel}","templated":true}]}}