{"id":225,"date":"2026-02-10T09:42:33","date_gmt":"2026-02-10T09:42:33","guid":{"rendered":"https:\/\/eldrevet.dk\/?page_id=225"},"modified":"2026-02-10T09:42:34","modified_gmt":"2026-02-10T09:42:34","slug":"joda-24-tur","status":"publish","type":"page","link":"https:\/\/eldrevet.dk\/?page_id=225","title":{"rendered":"Joda 24 Tur"},"content":{"rendered":"\n<p><\/p>\n\n\n\n<figure class=\"wp-block-image size-full is-resized\"><img loading=\"lazy\" decoding=\"async\" width=\"915\" height=\"686\" src=\"https:\/\/eldrevet.dk\/wp-content\/uploads\/2026\/02\/IMG_20160816_205619.jpg\" alt=\"\" class=\"wp-image-227\" style=\"aspect-ratio:1.3338496230325947;width:692px;height:auto\" srcset=\"https:\/\/eldrevet.dk\/wp-content\/uploads\/2026\/02\/IMG_20160816_205619.jpg 915w, https:\/\/eldrevet.dk\/wp-content\/uploads\/2026\/02\/IMG_20160816_205619-300x225.jpg 300w, https:\/\/eldrevet.dk\/wp-content\/uploads\/2026\/02\/IMG_20160816_205619-768x576.jpg 768w\" sizes=\"auto, (max-width: 915px) 100vw, 915px\" \/><\/figure>\n\n\n\n<p>Ja, det er jo ikke et k\u00f8ret\u00f8j, men den er &#8220;ELdrevet&#8221; s\u00e5 den f\u00e5r lov til at komme med her p\u00e5 siden.<\/p>\n\n\n\n<p>&#8220;Maria&#8221; er en snekke fra 1978 hun var oprindelig med en Volvo Penta motor, men nu ligger der en EL-motor fra Asmo Marine i samt fire 12v batterier i serie.<\/p>\n\n\n\n<p>Maria skulle slibes ned og har efterf\u00f8lgende har hun f\u00e5et epoxy og derp\u00e5 bundmaling.<\/p>\n\n\n\n<figure class=\"wp-block-image size-large is-resized\"><img loading=\"lazy\" decoding=\"async\" width=\"1024\" height=\"768\" src=\"https:\/\/eldrevet.dk\/wp-content\/uploads\/2026\/02\/IMG_20160625_132718-1024x768.jpg\" alt=\"\" class=\"wp-image-228\" style=\"aspect-ratio:1.3333401151553377;width:440px;height:auto\" srcset=\"https:\/\/eldrevet.dk\/wp-content\/uploads\/2026\/02\/IMG_20160625_132718-1024x768.jpg 1024w, https:\/\/eldrevet.dk\/wp-content\/uploads\/2026\/02\/IMG_20160625_132718-300x225.jpg 300w, https:\/\/eldrevet.dk\/wp-content\/uploads\/2026\/02\/IMG_20160625_132718-768x576.jpg 768w, https:\/\/eldrevet.dk\/wp-content\/uploads\/2026\/02\/IMG_20160625_132718.jpg 1407w\" sizes=\"auto, (max-width: 1024px) 100vw, 1024px\" \/><\/figure>\n\n\n\n<p>Hele familien hj\u00e6lper til \ud83d\ude42<\/p>\n\n\n\n<p>Helt i bund, s\u00e5 epoxy og sidste lag fik bundmaling v\u00e5dt i v\u00e5dt.<\/p>\n\n\n\n<figure class=\"wp-block-image size-large is-resized\"><img loading=\"lazy\" decoding=\"async\" width=\"1024\" height=\"768\" src=\"https:\/\/eldrevet.dk\/wp-content\/uploads\/2026\/02\/IMG_20160713_152916-1024x768.jpg\" alt=\"\" class=\"wp-image-229\" style=\"aspect-ratio:1.3333401151553377;width:576px;height:auto\" srcset=\"https:\/\/eldrevet.dk\/wp-content\/uploads\/2026\/02\/IMG_20160713_152916-1024x768.jpg 1024w, https:\/\/eldrevet.dk\/wp-content\/uploads\/2026\/02\/IMG_20160713_152916-300x225.jpg 300w, https:\/\/eldrevet.dk\/wp-content\/uploads\/2026\/02\/IMG_20160713_152916-768x576.jpg 768w, https:\/\/eldrevet.dk\/wp-content\/uploads\/2026\/02\/IMG_20160713_152916.jpg 1408w\" sizes=\"auto, (max-width: 1024px) 100vw, 1024px\" \/><\/figure>\n\n\n\n<p>S\u00e5 kom hun i vandet i Ish\u00f8j havn, og n\u00e6ste opgave var at f\u00e5 masten p\u00e5:<\/p>\n\n\n\n<iframe loading=\"lazy\" width=\"560\" height=\"315\" src=\"https:\/\/www.youtube.com\/embed\/H3qLXCCSy4w?si=kX-4BqkrUFtWa4ss\" title=\"YouTube video player\" frameborder=\"0\" allow=\"accelerometer; autoplay; clipboard-write; encrypted-media; gyroscope; picture-in-picture; web-share\" referrerpolicy=\"strict-origin-when-cross-origin\" allowfullscreen><\/iframe>\n\n\n\n<p>Mastekranen var i stykker, s\u00e5 vi m\u00e5tte sejle til en p\u00e5 den anden side af havnen for at f\u00e5 masten p\u00e5.<\/p>\n\n\n\n<p>Den 20\/8-2016 sejlede vi hende til Vedb\u00e6k havn som nu er hendes hjemhavn:<\/p>\n\n\n\n<iframe loading=\"lazy\" width=\"560\" height=\"315\" src=\"https:\/\/www.youtube.com\/embed\/IqLQAAo9lqI?si=9PzvZH1c1Gh5H2yG\" title=\"YouTube video player\" frameborder=\"0\" allow=\"accelerometer; autoplay; clipboard-write; encrypted-media; gyroscope; picture-in-picture; web-share\" referrerpolicy=\"strict-origin-when-cross-origin\" allowfullscreen><\/iframe>\n\n\n\n<p>Maria er jo ikke en smal k\u00f8l-b\u00e5d, men en &#8220;buttet&#8221; motorsejler s\u00e5 det er ikke farten der er afg\u00f8rende.<\/p>\n\n\n\n<p>Videoen er fra sejlturen hjem til Vedb\u00e6k som skete med EL, storsejl, forsejl og spiler\u2026. samt lidt hj\u00e6lp fra en generator og min trofaste ven Peter ved min side. Vi var uheldige med vinden, og der er ikke s\u00e5 meget kapacitet tilbage i batterierne s\u00e5 tureren blev p\u00e5 ca. 14,5 timer, men hjem kom vi.<\/p>\n\n\n\n<p><\/p>\n","protected":false},"excerpt":{"rendered":"<p>Ja, det er jo ikke et k\u00f8ret\u00f8j, men den er &#8220;ELdrevet&#8221; s\u00e5 den f\u00e5r lov til at komme med her p\u00e5 siden. &#8220;Maria&#8221; er en snekke fra 1978 hun var oprindelig med en Volvo Penta motor, men nu ligger der en EL-motor fra Asmo Marine i samt fire 12v batterier i serie. Maria skulle slibes &#8230; <a title=\"Joda 24 Tur\" class=\"read-more\" href=\"https:\/\/eldrevet.dk\/?page_id=225\" aria-label=\"Read more about Joda 24 Tur\">Read more<\/a><\/p>\n","protected":false},"author":1,"featured_media":0,"parent":0,"menu_order":0,"comment_status":"closed","ping_status":"closed","template":"","meta":{"footnotes":""},"class_list":["post-225","page","type-page","status-publish"],"_links":{"self":[{"href":"https:\/\/eldrevet.dk\/index.php?rest_route=\/wp\/v2\/pages\/225","targetHints":{"allow":["GET"]}}],"collection":[{"href":"https:\/\/eldrevet.dk\/index.php?rest_route=\/wp\/v2\/pages"}],"about":[{"href":"https:\/\/eldrevet.dk\/index.php?rest_route=\/wp\/v2\/types\/page"}],"author":[{"embeddable":true,"href":"https:\/\/eldrevet.dk\/index.php?rest_route=\/wp\/v2\/users\/1"}],"replies":[{"embeddable":true,"href":"https:\/\/eldrevet.dk\/index.php?rest_route=%2Fwp%2Fv2%2Fcomments&post=225"}],"version-history":[{"count":3,"href":"https:\/\/eldrevet.dk\/index.php?rest_route=\/wp\/v2\/pages\/225\/revisions"}],"predecessor-version":[{"id":231,"href":"https:\/\/eldrevet.dk\/index.php?rest_route=\/wp\/v2\/pages\/225\/revisions\/231"}],"wp:attachment":[{"href":"https:\/\/eldrevet.dk\/index.php?rest_route=%2Fwp%2Fv2%2Fmedia&parent=225"}],"curies":[{"name":"wp","href":"https:\/\/api.w.org\/{rel}","templated":true}]}}