{"id":46,"date":"2026-01-20T11:44:30","date_gmt":"2026-01-20T11:44:30","guid":{"rendered":"http:\/\/eldrevet.dk\/?page_id=46"},"modified":"2026-01-20T11:44:30","modified_gmt":"2026-01-20T11:44:30","slug":"whisper-afhentning","status":"publish","type":"page","link":"https:\/\/eldrevet.dk\/?page_id=46","title":{"rendered":"Whisper Afhentning"},"content":{"rendered":"\n<p><\/p>\n\n\n\n<figure class=\"wp-block-image size-full is-resized\"><img loading=\"lazy\" decoding=\"async\" width=\"410\" height=\"246\" src=\"http:\/\/eldrevet.dk\/wp-content\/uploads\/2026\/01\/afhent_1.jpg\" alt=\"\" class=\"wp-image-48\" style=\"aspect-ratio:1.666772533824557;width:461px;height:auto\" srcset=\"https:\/\/eldrevet.dk\/wp-content\/uploads\/2026\/01\/afhent_1.jpg 410w, https:\/\/eldrevet.dk\/wp-content\/uploads\/2026\/01\/afhent_1-300x180.jpg 300w\" sizes=\"auto, (max-width: 410px) 100vw, 410px\" \/><\/figure>\n\n\n\n<p><em>P\u00e5 vej over broen til Fyn mod m\u00e5let, Whisper II i Nordjylland<\/em><em><\/em><\/p>\n\n\n\n<p>Det var slutningen af April 2012, I den forgangne uge havde jeg snakket med Thure i telefonen om bilen samt historien bag og aftalt hvorn\u00e5r jeg skulle komme forbi ham og afhente Whisperen.<\/p>\n\n\n\n<p>Turen fra Nordsj\u00e6lland til Nordjylland kan godt v\u00e6re lang hvis man ikke er i godt selskab, specielt n\u00e5r det er med trailer og dermed kun med 80km\/t, s\u00e5 min far Peter, havde heldigvis tilbudt at tage med. Vi k\u00f8rte tidligt om morgenen, for at kunne have en chance for at v\u00e6re hjemme i en rimelig tid.<\/p>\n\n\n\n<figure class=\"wp-block-image size-full is-resized\"><img loading=\"lazy\" decoding=\"async\" width=\"423\" height=\"289\" src=\"http:\/\/eldrevet.dk\/wp-content\/uploads\/2026\/01\/afhent_1_2-1.jpg\" alt=\"\" class=\"wp-image-49\" style=\"aspect-ratio:1.4637720341732454;width:459px;height:auto\" srcset=\"https:\/\/eldrevet.dk\/wp-content\/uploads\/2026\/01\/afhent_1_2-1.jpg 423w, https:\/\/eldrevet.dk\/wp-content\/uploads\/2026\/01\/afhent_1_2-1-300x205.jpg 300w\" sizes=\"auto, (max-width: 423px) 100vw, 423px\" \/><\/figure>\n\n\n\n<p><em>Skiltet mod afk\u00f8rselen til Hadsund hvor Whisperen oprindeligt kom fra<\/em><\/p>\n\n\n\n<p>Midt p\u00e5 dagen ankom vi hos Thure der sammen med sin hund tog godt imod os, og vi satte os ind i stuen og fik en rigtig hyggelig snak, naturligvis hovedsageligt om Whisperen og dens tilbliven.<br><br>Thure havde ogs\u00e5 fundet noget papirmateriale frem fra 80&#8217;erne med bl.a. materiale fra de f\u00f8rste fors\u00f8g p\u00e5 en elbil, til et dokument der viste at Mitsubishi faktisk var villige til at indg\u00e5 en aftale om salg af Whisperen i Japan. Var denne aftale blot kommet en uge forinden den nu engang gjorde,&nbsp;havde Whisperens historie nok set helt anderledes ud i dag.<\/p>\n\n\n\n<figure class=\"wp-block-image size-full is-resized\"><img loading=\"lazy\" decoding=\"async\" width=\"382\" height=\"248\" src=\"http:\/\/eldrevet.dk\/wp-content\/uploads\/2026\/01\/afhent_2.jpg\" alt=\"\" class=\"wp-image-50\" style=\"aspect-ratio:1.540356625291412;width:439px;height:auto\" srcset=\"https:\/\/eldrevet.dk\/wp-content\/uploads\/2026\/01\/afhent_2.jpg 382w, https:\/\/eldrevet.dk\/wp-content\/uploads\/2026\/01\/afhent_2-300x195.jpg 300w\" sizes=\"auto, (max-width: 382px) 100vw, 382px\" \/><\/figure>\n\n\n\n<p><em>Der stod den s\u00e5 i Thure&#8217;s lade, det var som en dr\u00f8m der gik i opfyldelse<\/em><\/p>\n\n\n\n<p>Vi gik ud i laden hvor Whisperen stod, det var helt utroligt at se den st\u00e5 der. Jeg havde jo som s\u00e5 mange andre l\u00e6st og h\u00f8rt om den, men havde for blot en uges tid siden nok aldrig troet at jeg rent faktisk ville se den p\u00e5 andet end blot et billede.<br><br>Vi gik rundt om den og kikkede&nbsp;imens Thure fortalte og pegede.<br>Batterierne der&nbsp;der sad i var helt d\u00f8de, s\u00e5 ingen tegn p\u00e5 liv og udover dette kun man ikke just kalde standen for &#8220;mint condition&#8221;. Men p\u00e5 trods af at det godt kunne se ud til at der var lidt arbejde foran mig f\u00f8r Whisperen var p\u00e5 gaden igen, var jeg ikke i tvivl om at det var mig der skulle f\u00e5 &#8220;h\u00e5bet&#8221; tilbage i Whisperen.<\/p>\n\n\n\n<figure class=\"wp-block-image size-full is-resized\"><img loading=\"lazy\" decoding=\"async\" width=\"354\" height=\"243\" src=\"http:\/\/eldrevet.dk\/wp-content\/uploads\/2026\/01\/afhent_3.jpg\" alt=\"\" class=\"wp-image-51\" style=\"aspect-ratio:1.4568194971384476;width:438px;height:auto\" srcset=\"https:\/\/eldrevet.dk\/wp-content\/uploads\/2026\/01\/afhent_3.jpg 354w, https:\/\/eldrevet.dk\/wp-content\/uploads\/2026\/01\/afhent_3-300x206.jpg 300w\" sizes=\"auto, (max-width: 354px) 100vw, 354px\" \/><\/figure>\n\n\n\n<p><em>Thure (tv) og jeg selv(th) trykker h\u00e5nd efter Whisperen er kommet p\u00e5 traileren<\/em><\/p>\n\n\n\n<p>Jeg bakkede&nbsp;traileren til, og&nbsp;rullede wiren&nbsp;ud s\u00e5 den kunne fastg\u00f8res i Whisperen.<br>Vi havde i telefonen&nbsp;snakket om at det kunne v\u00e6re bremserne&nbsp;havde sat sig i tidens l\u00f8b, men dette var ikke tilf\u00e6ldet og Whisperen kunne med f\u00e6lles hj\u00e6lp trilles op p\u00e5 traileren, klar til turen p\u00e5 vej mod sit nye hjem.&nbsp;<\/p>\n\n\n\n<figure class=\"wp-block-image size-full\"><img loading=\"lazy\" decoding=\"async\" width=\"536\" height=\"263\" src=\"http:\/\/eldrevet.dk\/wp-content\/uploads\/2026\/01\/afhent_4.jpg\" alt=\"\" class=\"wp-image-52\" srcset=\"https:\/\/eldrevet.dk\/wp-content\/uploads\/2026\/01\/afhent_4.jpg 536w, https:\/\/eldrevet.dk\/wp-content\/uploads\/2026\/01\/afhent_4-300x147.jpg 300w\" sizes=\"auto, (max-width: 536px) 100vw, 536px\" \/><\/figure>\n\n\n\n<p><em>P\u00e5 vej hjemad, Whisperen sikkert fastsp\u00e6ndt p\u00e5 traileren<\/em><\/p>\n\n\n\n<p>Efter vi havde f\u00e5et Whisperen p\u00e5 traileren b\u00f8d Thure p\u00e5 en kop kaffe til at styrke os p\u00e5 inden hjemturen, men Peter havde regnet lidt p\u00e5 hvor lang tid det ville tage os at komme hjem og mente at vi nok hellere m\u00e5tte ramme asfalten da vi havde en lang tur foran os, og vi skulle v\u00e6re friske til dagen derp\u00e5, hvor vi skulle til et bryllup i familien.<br>Thure puttede de historiske papirer han havde fundet samt registreringsattesten i en konvolut, naturligvis fortrykt &#8220;Whisper&#8221;&nbsp;samt DK-9560 Hadsund, jeg kvitterede med et aftalt bel\u00f8b og vi p\u00e5begyndte vores hjemtur.<\/p>\n\n\n\n<figure class=\"wp-block-image size-full\"><img loading=\"lazy\" decoding=\"async\" width=\"419\" height=\"192\" src=\"http:\/\/eldrevet.dk\/wp-content\/uploads\/2026\/01\/afhent_5.jpg\" alt=\"\" class=\"wp-image-53\" srcset=\"https:\/\/eldrevet.dk\/wp-content\/uploads\/2026\/01\/afhent_5.jpg 419w, https:\/\/eldrevet.dk\/wp-content\/uploads\/2026\/01\/afhent_5-300x137.jpg 300w\" sizes=\"auto, (max-width: 419px) 100vw, 419px\" \/><\/figure>\n\n\n\n<p><em>Billede af Mercedesens k\u00f8recomputer da turen var f\u00e6rdig<\/em><\/p>\n\n\n\n<p>Efter et par timer p\u00e5 vejen kunne jeg godt se at Peter nok havde ret i at det var en god ide at komme hjemaf,&nbsp;p\u00e5 trods af at det kunne havde v\u00e6ret hyggeligt at snakke yderligere med Thure, men jeg h\u00e5ber p\u00e5 at jeg f\u00e5r lejligheden en anden god gang.<\/p>\n\n\n\n<p>Vi gjorde stop for lige at indtage et m\u00e5ltid, og senere en kop kaffe da Mercedesen alligevel skulle have br\u00e6ndstof p\u00e5, mens vi regnede p\u00e5 hvor mange gange vi mon skulle have ladet Whisperen hvis vi skulle have k\u00f8rt hjem i den.<br>Da hele hjemturen var klaret, Whisperen havde gjort min Ellert og Kewet selskab og jeg parkerede Mercedesen i indk\u00f8rselen havde vi tilbagelagt over 1000km p\u00e5 pr\u00e6cist 14 timer (i bilen) s\u00e5 det havde v\u00e6ret en lang tur, men&nbsp;havde bestemt v\u00e6ret det v\u00e6rd.<\/p>\n\n\n\n<p><\/p>\n","protected":false},"excerpt":{"rendered":"<p>P\u00e5 vej over broen til Fyn mod m\u00e5let, Whisper II i Nordjylland Det var slutningen af April 2012, I den forgangne uge havde jeg snakket med Thure i telefonen om bilen samt historien bag og aftalt hvorn\u00e5r jeg skulle komme forbi ham og afhente Whisperen. Turen fra Nordsj\u00e6lland til Nordjylland kan godt v\u00e6re lang hvis &#8230; <a title=\"Whisper Afhentning\" class=\"read-more\" href=\"https:\/\/eldrevet.dk\/?page_id=46\" aria-label=\"Read more about Whisper Afhentning\">Read more<\/a><\/p>\n","protected":false},"author":1,"featured_media":0,"parent":0,"menu_order":0,"comment_status":"closed","ping_status":"closed","template":"","meta":{"footnotes":""},"class_list":["post-46","page","type-page","status-publish"],"_links":{"self":[{"href":"https:\/\/eldrevet.dk\/index.php?rest_route=\/wp\/v2\/pages\/46","targetHints":{"allow":["GET"]}}],"collection":[{"href":"https:\/\/eldrevet.dk\/index.php?rest_route=\/wp\/v2\/pages"}],"about":[{"href":"https:\/\/eldrevet.dk\/index.php?rest_route=\/wp\/v2\/types\/page"}],"author":[{"embeddable":true,"href":"https:\/\/eldrevet.dk\/index.php?rest_route=\/wp\/v2\/users\/1"}],"replies":[{"embeddable":true,"href":"https:\/\/eldrevet.dk\/index.php?rest_route=%2Fwp%2Fv2%2Fcomments&post=46"}],"version-history":[{"count":1,"href":"https:\/\/eldrevet.dk\/index.php?rest_route=\/wp\/v2\/pages\/46\/revisions"}],"predecessor-version":[{"id":54,"href":"https:\/\/eldrevet.dk\/index.php?rest_route=\/wp\/v2\/pages\/46\/revisions\/54"}],"wp:attachment":[{"href":"https:\/\/eldrevet.dk\/index.php?rest_route=%2Fwp%2Fv2%2Fmedia&parent=46"}],"curies":[{"name":"wp","href":"https:\/\/api.w.org\/{rel}","templated":true}]}}